{"id":3878,"date":"2024-08-01T16:33:42","date_gmt":"2024-08-01T16:33:42","guid":{"rendered":"https:\/\/elteksrl.it\/trolley\/"},"modified":"2024-10-16T18:34:29","modified_gmt":"2024-10-16T18:34:29","slug":"trolley","status":"publish","type":"page","link":"https:\/\/elteksrl.it\/de\/trolley\/","title":{"rendered":"Trolley"},"content":{"rendered":"\t\t<div data-elementor-type=\"wp-page\" data-elementor-id=\"3878\" class=\"elementor elementor-3878 elementor-3790\" data-elementor-post-type=\"page\">\n\t\t\t\t\t\t<section class=\"elementor-section elementor-top-section elementor-element elementor-element-7886d08a elementor-section-boxed elementor-section-height-default elementor-section-height-default\" data-id=\"7886d08a\" data-element_type=\"section\" data-e-type=\"section\" data-settings=\"{&quot;background_background&quot;:&quot;classic&quot;}\">\n\t\t\t\t\t\t\t<div class=\"elementor-background-overlay\"><\/div>\n\t\t\t\t\t\t\t<div class=\"elementor-container elementor-column-gap-default\">\n\t\t\t\t\t<div class=\"elementor-column elementor-col-100 elementor-top-column elementor-element elementor-element-71444541\" data-id=\"71444541\" data-element_type=\"column\" data-e-type=\"column\">\n\t\t\t<div class=\"elementor-widget-wrap elementor-element-populated\">\n\t\t\t\t\t\t<div class=\"elementor-element elementor-element-23959768 elementor-widget elementor-widget-heading\" data-id=\"23959768\" data-element_type=\"widget\" data-e-type=\"widget\" data-widget_type=\"heading.default\">\n\t\t\t\t<div class=\"elementor-widget-container\">\n\t\t\t\t\t<h2 class=\"elementor-heading-title elementor-size-default\">Ihr Einkaufswagen<\/h2>\t\t\t\t<\/div>\n\t\t\t\t<\/div>\n\t\t\t\t\t<\/div>\n\t\t<\/div>\n\t\t\t\t\t<\/div>\n\t\t<\/section>\n\t\t\t\t<section class=\"elementor-section elementor-top-section elementor-element elementor-element-d4792bf elementor-section-boxed elementor-section-height-default elementor-section-height-default\" data-id=\"d4792bf\" data-element_type=\"section\" data-e-type=\"section\">\n\t\t\t\t\t\t<div class=\"elementor-container elementor-column-gap-default\">\n\t\t\t\t\t<div class=\"elementor-column elementor-col-50 elementor-top-column elementor-element elementor-element-8d72193\" data-id=\"8d72193\" data-element_type=\"column\" data-e-type=\"column\">\n\t\t\t<div class=\"elementor-widget-wrap elementor-element-populated\">\n\t\t\t\t\t\t<div class=\"elementor-element elementor-element-a61ad73 elementor-widget elementor-widget-heading\" data-id=\"a61ad73\" data-element_type=\"widget\" data-e-type=\"widget\" data-widget_type=\"heading.default\">\n\t\t\t\t<div class=\"elementor-widget-container\">\n\t\t\t\t\t<h2 class=\"elementor-heading-title elementor-size-default\">MIT DEM KAUF FORTFAHREN ODER<\/h2>\t\t\t\t<\/div>\n\t\t\t\t<\/div>\n\t\t\t\t\t<\/div>\n\t\t<\/div>\n\t\t\t\t<div class=\"elementor-column elementor-col-50 elementor-top-column elementor-element elementor-element-0bbda8f\" data-id=\"0bbda8f\" data-element_type=\"column\" data-e-type=\"column\">\n\t\t\t<div class=\"elementor-widget-wrap elementor-element-populated\">\n\t\t\t\t\t\t<div class=\"elementor-element elementor-element-c88cd34 elementor-button-success elementor-align-left elementor-widget elementor-widget-button\" data-id=\"c88cd34\" data-element_type=\"widget\" data-e-type=\"widget\" data-widget_type=\"button.default\">\n\t\t\t\t<div class=\"elementor-widget-container\">\n\t\t\t\t\t\t\t\t\t<div class=\"elementor-button-wrapper\">\n\t\t\t\t\t<a class=\"elementor-button elementor-button-link elementor-size-sm\" href=\"https:\/\/elteksrl.it\/de\/shop-2\/\">\n\t\t\t\t\t\t<span class=\"elementor-button-content-wrapper\">\n\t\t\t\t\t\t\t\t\t<span class=\"elementor-button-text\">ZUR\u00dcCK ZUM SHOP<\/span>\n\t\t\t\t\t<\/span>\n\t\t\t\t\t<\/a>\n\t\t\t\t<\/div>\n\t\t\t\t\t\t\t\t<\/div>\n\t\t\t\t<\/div>\n\t\t\t\t\t<\/div>\n\t\t<\/div>\n\t\t\t\t\t<\/div>\n\t\t<\/section>\n\t\t\t\t<section class=\"elementor-section elementor-top-section elementor-element elementor-element-10cf9ad6 elementor-section-boxed elementor-section-height-default elementor-section-height-default\" data-id=\"10cf9ad6\" data-element_type=\"section\" data-e-type=\"section\">\n\t\t\t\t\t\t<div class=\"elementor-container elementor-column-gap-default\">\n\t\t\t\t\t<div class=\"elementor-column elementor-col-100 elementor-top-column elementor-element elementor-element-3dedad9b\" data-id=\"3dedad9b\" data-element_type=\"column\" data-e-type=\"column\">\n\t\t\t<div class=\"elementor-widget-wrap\">\n\t\t\t\t\t\t\t<\/div>\n\t\t<\/div>\n\t\t\t\t\t<\/div>\n\t\t<\/section>\n\t\t\t\t<\/div>\n\t\t","protected":false},"excerpt":{"rendered":"<p>Ihr Einkaufswagen MIT DEM KAUF FORTFAHREN ODER ZUR\u00dcCK ZUM SHOP Rimuovi articolo Miniatura immagine Prodotto Prezzo Quantit\u00e0 Subtotale &times; AT60-16-0822 440,00&nbsp;&euro; AT60-16-0822 quantit\u00e0 1.320,00&nbsp;&euro; &times; 76823-0344 660,00&nbsp;&euro; 76823-0344 quantit\u00e0 1.980,00&nbsp;&euro; Wagen Gesamt Subtotale 3.300,00&nbsp;&euro; Spedizione Tariffa unica: 10,00&nbsp;&euro; Ritiro in sede Spedizione a via del bigolo 196, 35129, Padova, PADOVA. Totale 3.300,00&nbsp;&euro; Weiter zur Zahlung<\/p>\n","protected":false},"author":1,"featured_media":0,"parent":0,"menu_order":0,"comment_status":"closed","ping_status":"closed","template":"","meta":{"footnotes":""},"class_list":["post-3878","page","type-page","status-publish","hentry"],"yoast_head":"<!-- This site is optimized with the Yoast SEO plugin v27.4 - https:\/\/yoast.com\/product\/yoast-seo-wordpress\/ -->\n<title>Trolley - Eltek Srl - Cable Assembly<\/title>\n<meta name=\"robots\" content=\"index, follow, max-snippet:-1, max-image-preview:large, max-video-preview:-1\" \/>\n<link rel=\"canonical\" href=\"https:\/\/elteksrl.it\/de\/trolley\/\" \/>\n<meta property=\"og:locale\" content=\"de_DE\" \/>\n<meta property=\"og:type\" content=\"article\" \/>\n<meta property=\"og:title\" content=\"Trolley - Eltek Srl - Cable Assembly\" \/>\n<meta property=\"og:description\" content=\"Ihr Einkaufswagen MIT DEM KAUF FORTFAHREN ODER ZUR\u00dcCK ZUM SHOP Rimuovi articolo Miniatura immagine Prodotto Prezzo Quantit\u00e0 Subtotale &times; AT60-16-0822 440,00&nbsp;&euro; AT60-16-0822 quantit\u00e0 1.320,00&nbsp;&euro; &times; 76823-0344 660,00&nbsp;&euro; 76823-0344 quantit\u00e0 1.980,00&nbsp;&euro; Wagen Gesamt Subtotale 3.300,00&nbsp;&euro; Spedizione Tariffa unica: 10,00&nbsp;&euro; Ritiro in sede Spedizione a via del bigolo 196, 35129, Padova, PADOVA. Totale 3.300,00&nbsp;&euro; Weiter zur Zahlung\" \/>\n<meta property=\"og:url\" content=\"https:\/\/elteksrl.it\/de\/trolley\/\" \/>\n<meta property=\"og:site_name\" content=\"Eltek Srl - Cable Assembly\" \/>\n<meta property=\"article:modified_time\" content=\"2024-10-16T18:34:29+00:00\" \/>\n<meta property=\"og:image\" content=\"https:\/\/elteksrl.it\/wp-content\/uploads\/2024\/09\/AT60-16-0822-1-300x300.jpg\" \/>\n<meta name=\"twitter:card\" content=\"summary_large_image\" \/>\n<script type=\"application\/ld+json\" class=\"yoast-schema-graph\">{\"@context\":\"https:\\\/\\\/schema.org\",\"@graph\":[{\"@type\":\"WebPage\",\"@id\":\"https:\\\/\\\/elteksrl.it\\\/de\\\/trolley\\\/\",\"url\":\"https:\\\/\\\/elteksrl.it\\\/de\\\/trolley\\\/\",\"name\":\"Trolley - Eltek Srl - Cable Assembly\",\"isPartOf\":{\"@id\":\"https:\\\/\\\/elteksrl.it\\\/de\\\/#website\"},\"primaryImageOfPage\":{\"@id\":\"https:\\\/\\\/elteksrl.it\\\/de\\\/trolley\\\/#primaryimage\"},\"image\":{\"@id\":\"https:\\\/\\\/elteksrl.it\\\/de\\\/trolley\\\/#primaryimage\"},\"thumbnailUrl\":\"https:\\\/\\\/elteksrl.it\\\/wp-content\\\/uploads\\\/2024\\\/09\\\/AT60-16-0822-1-300x300.jpg\",\"datePublished\":\"2024-08-01T16:33:42+00:00\",\"dateModified\":\"2024-10-16T18:34:29+00:00\",\"breadcrumb\":{\"@id\":\"https:\\\/\\\/elteksrl.it\\\/de\\\/trolley\\\/#breadcrumb\"},\"inLanguage\":\"de\",\"potentialAction\":[{\"@type\":\"ReadAction\",\"target\":[\"https:\\\/\\\/elteksrl.it\\\/de\\\/trolley\\\/\"]}]},{\"@type\":\"ImageObject\",\"inLanguage\":\"de\",\"@id\":\"https:\\\/\\\/elteksrl.it\\\/de\\\/trolley\\\/#primaryimage\",\"url\":\"https:\\\/\\\/elteksrl.it\\\/wp-content\\\/uploads\\\/2024\\\/09\\\/AT60-16-0822-1-300x300.jpg\",\"contentUrl\":\"https:\\\/\\\/elteksrl.it\\\/wp-content\\\/uploads\\\/2024\\\/09\\\/AT60-16-0822-1-300x300.jpg\"},{\"@type\":\"BreadcrumbList\",\"@id\":\"https:\\\/\\\/elteksrl.it\\\/de\\\/trolley\\\/#breadcrumb\",\"itemListElement\":[{\"@type\":\"ListItem\",\"position\":1,\"name\":\"Home\",\"item\":\"https:\\\/\\\/elteksrl.it\\\/de\\\/\"},{\"@type\":\"ListItem\",\"position\":2,\"name\":\"Trolley\"}]},{\"@type\":\"WebSite\",\"@id\":\"https:\\\/\\\/elteksrl.it\\\/de\\\/#website\",\"url\":\"https:\\\/\\\/elteksrl.it\\\/de\\\/\",\"name\":\"Eltek Srl - Cable Assembly\",\"description\":\"Cable Assembly\",\"publisher\":{\"@id\":\"https:\\\/\\\/elteksrl.it\\\/de\\\/#organization\"},\"potentialAction\":[{\"@type\":\"SearchAction\",\"target\":{\"@type\":\"EntryPoint\",\"urlTemplate\":\"https:\\\/\\\/elteksrl.it\\\/de\\\/?s={search_term_string}\"},\"query-input\":{\"@type\":\"PropertyValueSpecification\",\"valueRequired\":true,\"valueName\":\"search_term_string\"}}],\"inLanguage\":\"de\"},{\"@type\":\"Organization\",\"@id\":\"https:\\\/\\\/elteksrl.it\\\/de\\\/#organization\",\"name\":\"Eltek Srl - Cable Assembly\",\"url\":\"https:\\\/\\\/elteksrl.it\\\/de\\\/\",\"logo\":{\"@type\":\"ImageObject\",\"inLanguage\":\"de\",\"@id\":\"https:\\\/\\\/elteksrl.it\\\/de\\\/#\\\/schema\\\/logo\\\/image\\\/\",\"url\":\"https:\\\/\\\/elteksrl.it\\\/wp-content\\\/uploads\\\/2022\\\/09\\\/cropped-eltek-logo-dark.jpeg\",\"contentUrl\":\"https:\\\/\\\/elteksrl.it\\\/wp-content\\\/uploads\\\/2022\\\/09\\\/cropped-eltek-logo-dark.jpeg\",\"width\":817,\"height\":230,\"caption\":\"Eltek Srl - Cable Assembly\"},\"image\":{\"@id\":\"https:\\\/\\\/elteksrl.it\\\/de\\\/#\\\/schema\\\/logo\\\/image\\\/\"}}]}<\/script>\n<!-- \/ Yoast SEO plugin. -->","yoast_head_json":{"title":"Trolley - Eltek Srl - Cable Assembly","robots":{"index":"index","follow":"follow","max-snippet":"max-snippet:-1","max-image-preview":"max-image-preview:large","max-video-preview":"max-video-preview:-1"},"canonical":"https:\/\/elteksrl.it\/de\/trolley\/","og_locale":"de_DE","og_type":"article","og_title":"Trolley - Eltek Srl - Cable Assembly","og_description":"Ihr Einkaufswagen MIT DEM KAUF FORTFAHREN ODER ZUR\u00dcCK ZUM SHOP Rimuovi articolo Miniatura immagine Prodotto Prezzo Quantit\u00e0 Subtotale &times; AT60-16-0822 440,00&nbsp;&euro; AT60-16-0822 quantit\u00e0 1.320,00&nbsp;&euro; &times; 76823-0344 660,00&nbsp;&euro; 76823-0344 quantit\u00e0 1.980,00&nbsp;&euro; Wagen Gesamt Subtotale 3.300,00&nbsp;&euro; Spedizione Tariffa unica: 10,00&nbsp;&euro; Ritiro in sede Spedizione a via del bigolo 196, 35129, Padova, PADOVA. Totale 3.300,00&nbsp;&euro; Weiter zur Zahlung","og_url":"https:\/\/elteksrl.it\/de\/trolley\/","og_site_name":"Eltek Srl - Cable Assembly","article_modified_time":"2024-10-16T18:34:29+00:00","og_image":[{"url":"https:\/\/elteksrl.it\/wp-content\/uploads\/2024\/09\/AT60-16-0822-1-300x300.jpg","type":"","width":"","height":""}],"twitter_card":"summary_large_image","schema":{"@context":"https:\/\/schema.org","@graph":[{"@type":"WebPage","@id":"https:\/\/elteksrl.it\/de\/trolley\/","url":"https:\/\/elteksrl.it\/de\/trolley\/","name":"Trolley - Eltek Srl - Cable Assembly","isPartOf":{"@id":"https:\/\/elteksrl.it\/de\/#website"},"primaryImageOfPage":{"@id":"https:\/\/elteksrl.it\/de\/trolley\/#primaryimage"},"image":{"@id":"https:\/\/elteksrl.it\/de\/trolley\/#primaryimage"},"thumbnailUrl":"https:\/\/elteksrl.it\/wp-content\/uploads\/2024\/09\/AT60-16-0822-1-300x300.jpg","datePublished":"2024-08-01T16:33:42+00:00","dateModified":"2024-10-16T18:34:29+00:00","breadcrumb":{"@id":"https:\/\/elteksrl.it\/de\/trolley\/#breadcrumb"},"inLanguage":"de","potentialAction":[{"@type":"ReadAction","target":["https:\/\/elteksrl.it\/de\/trolley\/"]}]},{"@type":"ImageObject","inLanguage":"de","@id":"https:\/\/elteksrl.it\/de\/trolley\/#primaryimage","url":"https:\/\/elteksrl.it\/wp-content\/uploads\/2024\/09\/AT60-16-0822-1-300x300.jpg","contentUrl":"https:\/\/elteksrl.it\/wp-content\/uploads\/2024\/09\/AT60-16-0822-1-300x300.jpg"},{"@type":"BreadcrumbList","@id":"https:\/\/elteksrl.it\/de\/trolley\/#breadcrumb","itemListElement":[{"@type":"ListItem","position":1,"name":"Home","item":"https:\/\/elteksrl.it\/de\/"},{"@type":"ListItem","position":2,"name":"Trolley"}]},{"@type":"WebSite","@id":"https:\/\/elteksrl.it\/de\/#website","url":"https:\/\/elteksrl.it\/de\/","name":"Eltek Srl - Cable Assembly","description":"Cable Assembly","publisher":{"@id":"https:\/\/elteksrl.it\/de\/#organization"},"potentialAction":[{"@type":"SearchAction","target":{"@type":"EntryPoint","urlTemplate":"https:\/\/elteksrl.it\/de\/?s={search_term_string}"},"query-input":{"@type":"PropertyValueSpecification","valueRequired":true,"valueName":"search_term_string"}}],"inLanguage":"de"},{"@type":"Organization","@id":"https:\/\/elteksrl.it\/de\/#organization","name":"Eltek Srl - Cable Assembly","url":"https:\/\/elteksrl.it\/de\/","logo":{"@type":"ImageObject","inLanguage":"de","@id":"https:\/\/elteksrl.it\/de\/#\/schema\/logo\/image\/","url":"https:\/\/elteksrl.it\/wp-content\/uploads\/2022\/09\/cropped-eltek-logo-dark.jpeg","contentUrl":"https:\/\/elteksrl.it\/wp-content\/uploads\/2022\/09\/cropped-eltek-logo-dark.jpeg","width":817,"height":230,"caption":"Eltek Srl - Cable Assembly"},"image":{"@id":"https:\/\/elteksrl.it\/de\/#\/schema\/logo\/image\/"}}]}},"_links":{"self":[{"href":"https:\/\/elteksrl.it\/de\/wp-json\/wp\/v2\/pages\/3878","targetHints":{"allow":["GET"]}}],"collection":[{"href":"https:\/\/elteksrl.it\/de\/wp-json\/wp\/v2\/pages"}],"about":[{"href":"https:\/\/elteksrl.it\/de\/wp-json\/wp\/v2\/types\/page"}],"author":[{"embeddable":true,"href":"https:\/\/elteksrl.it\/de\/wp-json\/wp\/v2\/users\/1"}],"replies":[{"embeddable":true,"href":"https:\/\/elteksrl.it\/de\/wp-json\/wp\/v2\/comments?post=3878"}],"version-history":[{"count":0,"href":"https:\/\/elteksrl.it\/de\/wp-json\/wp\/v2\/pages\/3878\/revisions"}],"wp:attachment":[{"href":"https:\/\/elteksrl.it\/de\/wp-json\/wp\/v2\/media?parent=3878"}],"curies":[{"name":"wp","href":"https:\/\/api.w.org\/{rel}","templated":true}]}}